{"id":56,"date":"2022-10-04T11:30:47","date_gmt":"2022-10-04T11:30:47","guid":{"rendered":"https:\/\/onboarding.bigbang.at\/?page_id=56"},"modified":"2022-10-06T09:35:10","modified_gmt":"2022-10-06T09:35:10","slug":"vorbereitungsphase","status":"publish","type":"page","link":"https:\/\/onboarding.bigbang.at\/index.php\/vorbereitungsphase\/","title":{"rendered":"Vorbereitungsphase"},"content":{"rendered":"\t\t<div data-elementor-type=\"wp-page\" data-elementor-id=\"56\" class=\"elementor elementor-56\">\n\t\t\t\t\t\t\t\t\t<section class=\"elementor-section elementor-top-section elementor-element elementor-element-ca4d0e5 elementor-section-full_width elementor-section-height-min-height elementor-section-items-bottom elementor-section-height-default\" data-id=\"ca4d0e5\" data-element_type=\"section\" data-settings=\"{&quot;background_background&quot;:&quot;classic&quot;}\">\n\t\t\t\t\t\t<div class=\"elementor-container elementor-column-gap-default\">\n\t\t\t\t\t<div class=\"elementor-column elementor-col-100 elementor-top-column elementor-element elementor-element-372f75a\" data-id=\"372f75a\" data-element_type=\"column\">\n\t\t\t<div class=\"elementor-widget-wrap elementor-element-populated\">\n\t\t\t\t\t\t\t\t<div class=\"elementor-element elementor-element-a9ad12a elementor-widget elementor-widget-heading\" data-id=\"a9ad12a\" data-element_type=\"widget\" data-widget_type=\"heading.default\">\n\t\t\t\t<div class=\"elementor-widget-container\">\n\t\t\t<style>\/*! elementor - v3.7.7 - 20-09-2022 *\/\n.elementor-heading-title{padding:0;margin:0;line-height:1}.elementor-widget-heading .elementor-heading-title[class*=elementor-size-]>a{color:inherit;font-size:inherit;line-height:inherit}.elementor-widget-heading .elementor-heading-title.elementor-size-small{font-size:15px}.elementor-widget-heading .elementor-heading-title.elementor-size-medium{font-size:19px}.elementor-widget-heading .elementor-heading-title.elementor-size-large{font-size:29px}.elementor-widget-heading .elementor-heading-title.elementor-size-xl{font-size:39px}.elementor-widget-heading .elementor-heading-title.elementor-size-xxl{font-size:59px}<\/style><h2 class=\"elementor-heading-title elementor-size-default\">Vorbereitungs- <br \/>Phase<\/h2>\t\t<\/div>\n\t\t\t\t<\/div>\n\t\t\t\t\t<\/div>\n\t\t<\/div>\n\t\t\t\t\t\t\t<\/div>\n\t\t<\/section>\n\t\t\t\t<section class=\"elementor-section elementor-top-section elementor-element elementor-element-14fc237 elementor-section-boxed elementor-section-height-default elementor-section-height-default\" data-id=\"14fc237\" data-element_type=\"section\">\n\t\t\t\t\t\t<div class=\"elementor-container elementor-column-gap-default\">\n\t\t\t\t\t<div class=\"elementor-column elementor-col-50 elementor-top-column elementor-element elementor-element-8bd3444 elementor-hidden-mobile\" data-id=\"8bd3444\" data-element_type=\"column\">\n\t\t\t<div class=\"elementor-widget-wrap\">\n\t\t\t\t\t\t\t\t\t<\/div>\n\t\t<\/div>\n\t\t\t\t<div class=\"elementor-column elementor-col-50 elementor-top-column elementor-element elementor-element-2cd9c53\" data-id=\"2cd9c53\" data-element_type=\"column\" data-settings=\"{&quot;background_background&quot;:&quot;classic&quot;,&quot;background_motion_fx_motion_fx_scrolling&quot;:&quot;yes&quot;,&quot;background_motion_fx_translateY_effect&quot;:&quot;yes&quot;,&quot;background_motion_fx_translateY_speed&quot;:{&quot;unit&quot;:&quot;px&quot;,&quot;size&quot;:4.7999999999999998,&quot;sizes&quot;:[]},&quot;background_motion_fx_translateY_affectedRange&quot;:{&quot;unit&quot;:&quot;%&quot;,&quot;size&quot;:&quot;&quot;,&quot;sizes&quot;:{&quot;start&quot;:0,&quot;end&quot;:100}},&quot;background_motion_fx_devices&quot;:[&quot;desktop&quot;,&quot;tablet&quot;,&quot;mobile&quot;]}\">\n\t\t\t<div class=\"elementor-widget-wrap elementor-element-populated\">\n\t\t\t\t\t\t\t\t<div class=\"elementor-element elementor-element-d413391 elementor-widget elementor-widget-text-editor\" data-id=\"d413391\" data-element_type=\"widget\" data-widget_type=\"text-editor.default\">\n\t\t\t\t<div class=\"elementor-widget-container\">\n\t\t\t<style>\/*! elementor - v3.7.7 - 20-09-2022 *\/\n.elementor-widget-text-editor.elementor-drop-cap-view-stacked .elementor-drop-cap{background-color:#818a91;color:#fff}.elementor-widget-text-editor.elementor-drop-cap-view-framed .elementor-drop-cap{color:#818a91;border:3px solid;background-color:transparent}.elementor-widget-text-editor:not(.elementor-drop-cap-view-default) .elementor-drop-cap{margin-top:8px}.elementor-widget-text-editor:not(.elementor-drop-cap-view-default) .elementor-drop-cap-letter{width:1em;height:1em}.elementor-widget-text-editor .elementor-drop-cap{float:left;text-align:center;line-height:1;font-size:50px}.elementor-widget-text-editor .elementor-drop-cap-letter{display:inline-block}<\/style>\t\t\t\t\t\t\t\t\t\t<\/div>\n\t\t\t\t<\/div>\n\t\t\t\t\t<\/div>\n\t\t<\/div>\n\t\t\t\t\t\t\t<\/div>\n\t\t<\/section>\n\t\t\t\t<section class=\"elementor-section elementor-top-section elementor-element elementor-element-e0f4bfc elementor-section-boxed elementor-section-height-default elementor-section-height-default\" data-id=\"e0f4bfc\" data-element_type=\"section\">\n\t\t\t\t\t\t<div class=\"elementor-container elementor-column-gap-default\">\n\t\t\t\t\t<div class=\"elementor-column elementor-col-100 elementor-top-column elementor-element elementor-element-11330c6\" data-id=\"11330c6\" data-element_type=\"column\">\n\t\t\t<div class=\"elementor-widget-wrap elementor-element-populated\">\n\t\t\t\t\t\t\t\t<div class=\"elementor-element elementor-element-3d24bee elementor-widget elementor-widget-timeline-widget-addon\" data-id=\"3d24bee\" data-element_type=\"widget\" data-widget_type=\"timeline-widget-addon.default\">\n\t\t\t\t<div class=\"elementor-widget-container\">\n\t\t\t<!-- ========= Timeline Widget Addon For Elementor 1.4 ========= -->\r\n<div id=\"twae-wrapper-3d24bee\" class=\"twae-vertical twae-wrapper  twae-both-sided \">   \r\n    <div class=\"twae-start\"><\/div>    \r\n    <div id=\"twea-timeline-3d24bee\" class=\"twae-timeline\" ><div id=\"story-1824cb1\" class=\"twae-story twae-repeater-item twae-story-right twae-story-icon\">\r\n                <div class=\"twae-labels\" ><div class=\"twae-label-big\"><\/div><\/div><div class=\"twae-icon\"><i aria-hidden=\"true\" class=\"far fa-clock\"><\/i><\/div><div class=\"twae-arrow\"><\/div><div class=\"twae-content\"><div class=\"twae-title\">Ressourcenerkennung &amp; Bewerbungsprozess<\/div><div class=\"twae-description\"><ul><li>Erkennung eines zus\u00e4tzlichen Mitarbeiterbedarfs im Unternehmen<\/li><li>Beauftragung und Absprache HR-Verantwortlichen bzgl. Stellenausschreibung inkl. Ver\u00f6ffentlichung<\/li><li>Kontaktaufnahme mit dem Personalberater<\/li><li>Durchf\u00fchrung von Bewerbungsgespr\u00e4chen<\/li><li>Entscheidung \u00fcber Bewerberauswahl treffen<\/li><li>Bekanntgabe \u00fcber die Stellenzusage<\/li><\/ul><\/div>\r\n                <\/div>\r\n        <\/div><div id=\"story-a3d254a\" class=\"twae-story twae-repeater-item twae-story-left twae-story-icon\">\r\n                <div class=\"twae-labels\" ><div class=\"twae-label-big\"><\/div><\/div><div class=\"twae-icon\"><i aria-hidden=\"true\" class=\"far fa-clock\"><\/i><\/div><div class=\"twae-arrow\"><\/div><div class=\"twae-content\"><div class=\"twae-title\">Ressourcenerkennung &amp; Bewerbungsprozess<\/div><div class=\"twae-description\"><ul><li>Beauftragung der HR f\u00fcr die DV-Erstellung<\/li><li>Finalisierung des DV\u2018s plus Ablage im Personalordner<\/li><li>Information \u00fcber Parkplatzsituation<\/li><li>Aussenden Welcome Days Termine<\/li><li>Aussenden der Milestone-Gespr\u00e4che<\/li><\/ul><\/div>\r\n                <\/div>\r\n        <\/div><div id=\"story-57da014\" class=\"twae-story twae-repeater-item twae-story-right twae-story-icon\">\r\n                <div class=\"twae-labels\" ><div class=\"twae-label-big\">- 2 Wochen<\/div><\/div><div class=\"twae-icon\"><i aria-hidden=\"true\" class=\"far fa-clock\"><\/i><\/div><div class=\"twae-arrow\"><\/div><div class=\"twae-content\"><div class=\"twae-title\">First Steps Teil 1<\/div><div class=\"twae-description\"><ul><li>Terminkoordination mit den potenziellen Mitarbeitern<\/li><li>Aufbereitung der Jobabsage<\/li><li>In Absprache mit den GF den DV aufbereiten<\/li><li>Anmeldung des neuen MA (Pendlerpauschale, Familienbonus, etc.)<\/li><li>Anlegen des neuen MA in QJ (Kontaktdaten anlegen, AZ-Timer, Kernzeit, Urlaubstage, Benutzername, PW)<\/li><li>Aufbereitung Arbeitsplatz (Tisch, Stuhl, Steckdose, Lan-Kabel, Rollcontainer inkl. B\u00fcromaterial)<\/li><li>Sitzplatzsituation im Team mit den Betroffenen absprechen<\/li><li>Festlegung Buddy plus Gespr\u00e4ch<\/li><li>Absprache Visitenkarte plus Beauftragung Grafik<\/li><li>Aufbereitung des \u201eWelcome E-Mail\u201c<br \/>f\u00fcr den neuen MA (Datum, Uhrzeit, Treffpunkt,<br \/>1. Arbeitstag)<\/li><li>Neuen Mitarbeiter \u201eWillkommen hei\u00dfen\u201c<\/li><li>1.Meeting mit neuen MA \/ GF\u2018s \/<br \/>Buddy\u00a0&amp; Prozessdarstellung<\/li><\/ul><\/div>\r\n                <\/div>\r\n        <\/div><div id=\"story-2dcad1f\" class=\"twae-story twae-repeater-item twae-story-left twae-story-icon\">\r\n                <div class=\"twae-labels\" ><div class=\"twae-label-big\">- 1 Woche<\/div><\/div><div class=\"twae-icon\"><i aria-hidden=\"true\" class=\"far fa-clock\"><\/i><\/div><div class=\"twae-arrow\"><\/div><div class=\"twae-content\"><div class=\"twae-title\">EDV<\/div><div class=\"twae-description\"><ul><li>MS 365 Accounts<\/li><li>Laptop, Ladekabel, Adapter, Maus<\/li><li>Firmenhandy<\/li><li>VPN Zugang und Laufwerkverbindung<\/li><\/ul><\/div>\r\n                <\/div>\r\n        <\/div><\/div>\r\n    <div class=\"twae-end\"><\/div>\r\n    <\/div><style type=\"text\/css\"><\/style>\t\t<\/div>\n\t\t\t\t<\/div>\n\t\t\t\t\t<\/div>\n\t\t<\/div>\n\t\t\t\t\t\t\t<\/div>\n\t\t<\/section>\n\t\t\t\t<section class=\"elementor-section elementor-top-section elementor-element elementor-element-14d2853 elementor-section-boxed elementor-section-height-default elementor-section-height-default\" data-id=\"14d2853\" data-element_type=\"section\">\n\t\t\t\t\t\t<div class=\"elementor-container elementor-column-gap-default\">\n\t\t\t\t\t<div class=\"elementor-column elementor-col-100 elementor-top-column elementor-element elementor-element-6e0dbb6\" data-id=\"6e0dbb6\" data-element_type=\"column\">\n\t\t\t<div class=\"elementor-widget-wrap elementor-element-populated\">\n\t\t\t\t\t\t\t\t<div class=\"elementor-element elementor-element-194a77a elementor-align-center elementor-widget elementor-widget-button\" data-id=\"194a77a\" data-element_type=\"widget\" data-widget_type=\"button.default\">\n\t\t\t\t<div class=\"elementor-widget-container\">\n\t\t\t\t\t<div class=\"elementor-button-wrapper\">\n\t\t\t<a href=\"https:\/\/onboarding.bigbang.at\/index.php\/orientierungsphase\/\" class=\"elementor-button-link elementor-button elementor-size-md\" role=\"button\">\n\t\t\t\t\t\t<span class=\"elementor-button-content-wrapper\">\n\t\t\t\t\t\t<span class=\"elementor-button-text\">Weiter zur Orientierungsphase<\/span>\n\t\t<\/span>\n\t\t\t\t\t<\/a>\n\t\t<\/div>\n\t\t\t\t<\/div>\n\t\t\t\t<\/div>\n\t\t\t\t\t<\/div>\n\t\t<\/div>\n\t\t\t\t\t\t\t<\/div>\n\t\t<\/section>\n\t\t\t\t<section class=\"elementor-section elementor-top-section elementor-element elementor-element-64d2db4 elementor-section-boxed elementor-section-height-default elementor-section-height-default\" data-id=\"64d2db4\" data-element_type=\"section\">\n\t\t\t\t\t\t<div class=\"elementor-container elementor-column-gap-default\">\n\t\t\t\t\t<div class=\"elementor-column elementor-col-100 elementor-top-column elementor-element elementor-element-3ad7d3f\" data-id=\"3ad7d3f\" data-element_type=\"column\">\n\t\t\t<div class=\"elementor-widget-wrap elementor-element-populated\">\n\t\t\t\t\t\t\t\t<div class=\"elementor-element elementor-element-9089895 elementor-align-center elementor-widget elementor-widget-button\" data-id=\"9089895\" data-element_type=\"widget\" data-widget_type=\"button.default\">\n\t\t\t\t<div class=\"elementor-widget-container\">\n\t\t\t\t\t<div class=\"elementor-button-wrapper\">\n\t\t\t<a href=\"https:\/\/onboarding.bigbang.at\/\" class=\"elementor-button-link elementor-button elementor-size-md\" role=\"button\">\n\t\t\t\t\t\t<span class=\"elementor-button-content-wrapper\">\n\t\t\t\t\t\t<span class=\"elementor-button-text\">Zur\u00fcck zur \u00dcbersicht<\/span>\n\t\t<\/span>\n\t\t\t\t\t<\/a>\n\t\t<\/div>\n\t\t\t\t<\/div>\n\t\t\t\t<\/div>\n\t\t\t\t\t<\/div>\n\t\t<\/div>\n\t\t\t\t\t\t\t<\/div>\n\t\t<\/section>\n\t\t\t\t\t\t\t<\/div>\n\t\t","protected":false},"excerpt":{"rendered":"<p>Vorbereitungs- Phase Ressourcenerkennung &amp; Bewerbungsprozess Erkennung eines zus\u00e4tzlichen Mitarbeiterbedarfs im Unternehmen Beauftragung und Absprache HR-Verantwortlichen bzgl. Stellenausschreibung inkl. Ver\u00f6ffentlichung Kontaktaufnahme mit dem Personalberater Durchf\u00fchrung von Bewerbungsgespr\u00e4chen Entscheidung \u00fcber Bewerberauswahl treffen Bekanntgabe \u00fcber die Stellenzusage Ressourcenerkennung &amp; Bewerbungsprozess Beauftragung der HR f\u00fcr die DV-Erstellung Finalisierung des DV\u2018s plus Ablage im Personalordner Information \u00fcber Parkplatzsituation Aussenden Welcome [&hellip;]<\/p>\n","protected":false},"author":1,"featured_media":0,"parent":0,"menu_order":0,"comment_status":"closed","ping_status":"closed","template":"elementor_header_footer","meta":[],"_links":{"self":[{"href":"https:\/\/onboarding.bigbang.at\/index.php\/wp-json\/wp\/v2\/pages\/56"}],"collection":[{"href":"https:\/\/onboarding.bigbang.at\/index.php\/wp-json\/wp\/v2\/pages"}],"about":[{"href":"https:\/\/onboarding.bigbang.at\/index.php\/wp-json\/wp\/v2\/types\/page"}],"author":[{"embeddable":true,"href":"https:\/\/onboarding.bigbang.at\/index.php\/wp-json\/wp\/v2\/users\/1"}],"replies":[{"embeddable":true,"href":"https:\/\/onboarding.bigbang.at\/index.php\/wp-json\/wp\/v2\/comments?post=56"}],"version-history":[{"count":57,"href":"https:\/\/onboarding.bigbang.at\/index.php\/wp-json\/wp\/v2\/pages\/56\/revisions"}],"predecessor-version":[{"id":189,"href":"https:\/\/onboarding.bigbang.at\/index.php\/wp-json\/wp\/v2\/pages\/56\/revisions\/189"}],"wp:attachment":[{"href":"https:\/\/onboarding.bigbang.at\/index.php\/wp-json\/wp\/v2\/media?parent=56"}],"curies":[{"name":"wp","href":"https:\/\/api.w.org\/{rel}","templated":true}]}}